{"id":28,"date":"2026-02-10T18:17:45","date_gmt":"2026-02-10T21:17:45","guid":{"rendered":"https:\/\/baires.com.br\/?page_id=28"},"modified":"2026-03-17T14:19:24","modified_gmt":"2026-03-17T17:19:24","slug":"contato","status":"publish","type":"page","link":"https:\/\/baires.com.br\/?page_id=28","title":{"rendered":"Contato"},"content":{"rendered":"\t\t<div data-elementor-type=\"wp-page\" data-elementor-id=\"28\" class=\"elementor elementor-28\" data-elementor-post-type=\"page\">\n\t\t\t\t<div class=\"elementor-element elementor-element-9f0ab9e e-flex e-con-boxed e-con e-parent\" data-id=\"9f0ab9e\" data-element_type=\"container\" data-e-type=\"container\">\n\t\t\t\t\t<div class=\"e-con-inner\">\n\t\t\t\t<div class=\"elementor-element elementor-element-cebce89 elementor-widget elementor-widget-text-editor\" data-id=\"cebce89\" data-element_type=\"widget\" data-e-type=\"widget\" data-widget_type=\"text-editor.default\">\n\t\t\t\t\t\t\t\t\t<h1 data-section-id=\"r4jz3e\" data-start=\"249\" data-end=\"308\">\ud83d\udcde <strong data-start=\"254\" data-end=\"308\">Entre em Contato com a Baires Estruturas Met\u00e1licas<\/strong><\/h1><p data-start=\"310\" data-end=\"442\">Se voc\u00ea precisa de uma estrutura met\u00e1lica segura, dur\u00e1vel e entregue no prazo, fale com a equipe da <strong data-start=\"410\" data-end=\"441\">Baires Estruturas Met\u00e1licas<\/strong>.<\/p><p data-start=\"444\" data-end=\"553\">Atendemos projetos industriais, comerciais e residenciais em toda a regi\u00e3o de Gravata\u00ed e Grande Porto Alegre.<\/p><p data-start=\"444\" data-end=\"553\">Solicite seu or\u00e7amento diretamente no Whatsapp ou e-mail.<\/p><p data-start=\"444\" data-end=\"553\">E-mail: baires@baires.com.br<br \/>Whatsapp: (51) 3043-4538<\/p>\t\t\t\t\t\t\t\t<\/div>\n\t\t\t\t\t<\/div>\n\t\t\t\t<\/div>\n\t\t<div class=\"elementor-element elementor-element-4889dcf e-flex e-con-boxed e-con e-parent\" data-id=\"4889dcf\" data-element_type=\"container\" data-e-type=\"container\">\n\t\t\t\t\t<div class=\"e-con-inner\">\n\t\t\t\t<div class=\"elementor-element elementor-element-203dccb elementor-widget elementor-widget-button\" data-id=\"203dccb\" data-element_type=\"widget\" data-e-type=\"widget\" data-widget_type=\"button.default\">\n\t\t\t\t\t\t\t\t\t\t<a class=\"elementor-button elementor-button-link elementor-size-sm\" href=\"http:\/\/wa.me\/555130434538\">\n\t\t\t\t\t\t<span class=\"elementor-button-content-wrapper\">\n\t\t\t\t\t\t\t\t\t<span class=\"elementor-button-text\">Entre em contato<\/span>\n\t\t\t\t\t<\/span>\n\t\t\t\t\t<\/a>\n\t\t\t\t\t\t\t\t<\/div>\n\t\t\t\t\t<\/div>\n\t\t\t\t<\/div>\n\t\t\t\t<\/div>\n\t\t","protected":false},"excerpt":{"rendered":"<p>\ud83d\udcde Entre em Contato com a Baires Estruturas Met\u00e1licas Se voc\u00ea precisa de uma estrutura met\u00e1lica segura, dur\u00e1vel e entregue no prazo, fale com a equipe da Baires Estruturas Met\u00e1licas. Atendemos projetos industriais, comerciais e residenciais em toda a regi\u00e3o de Gravata\u00ed e Grande Porto Alegre. Solicite seu or\u00e7amento diretamente no Whatsapp ou e-mail. E-mail: [&hellip;]<\/p>\n","protected":false},"author":1,"featured_media":0,"parent":0,"menu_order":0,"comment_status":"closed","ping_status":"closed","template":"elementor_header_footer","meta":{"footnotes":""},"class_list":["post-28","page","type-page","status-publish","hentry"],"_links":{"self":[{"href":"https:\/\/baires.com.br\/index.php?rest_route=\/wp\/v2\/pages\/28","targetHints":{"allow":["GET"]}}],"collection":[{"href":"https:\/\/baires.com.br\/index.php?rest_route=\/wp\/v2\/pages"}],"about":[{"href":"https:\/\/baires.com.br\/index.php?rest_route=\/wp\/v2\/types\/page"}],"author":[{"embeddable":true,"href":"https:\/\/baires.com.br\/index.php?rest_route=\/wp\/v2\/users\/1"}],"replies":[{"embeddable":true,"href":"https:\/\/baires.com.br\/index.php?rest_route=%2Fwp%2Fv2%2Fcomments&post=28"}],"version-history":[{"count":4,"href":"https:\/\/baires.com.br\/index.php?rest_route=\/wp\/v2\/pages\/28\/revisions"}],"predecessor-version":[{"id":559,"href":"https:\/\/baires.com.br\/index.php?rest_route=\/wp\/v2\/pages\/28\/revisions\/559"}],"wp:attachment":[{"href":"https:\/\/baires.com.br\/index.php?rest_route=%2Fwp%2Fv2%2Fmedia&parent=28"}],"curies":[{"name":"wp","href":"https:\/\/api.w.org\/{rel}","templated":true}]}}