{"id":22,"date":"2026-02-10T18:16:42","date_gmt":"2026-02-10T21:16:42","guid":{"rendered":"https:\/\/baires.com.br\/?page_id=22"},"modified":"2026-03-17T12:54:06","modified_gmt":"2026-03-17T15:54:06","slug":"empresa","status":"publish","type":"page","link":"https:\/\/baires.com.br\/?page_id=22","title":{"rendered":"Empresa"},"content":{"rendered":"\t\t<div data-elementor-type=\"wp-page\" data-elementor-id=\"22\" class=\"elementor elementor-22\" data-elementor-post-type=\"page\">\n\t\t\t\t<div class=\"elementor-element elementor-element-b964970 e-flex e-con-boxed e-con e-parent\" data-id=\"b964970\" data-element_type=\"container\" data-e-type=\"container\">\n\t\t\t\t\t<div class=\"e-con-inner\">\n\t\t\t\t<div class=\"elementor-element elementor-element-a4bff2e elementor-widget elementor-widget-text-editor\" data-id=\"a4bff2e\" data-element_type=\"widget\" data-e-type=\"widget\" data-widget_type=\"text-editor.default\">\n\t\t\t\t\t\t\t\t\t<h1 data-section-id=\"kv1xop\" data-start=\"212\" data-end=\"257\"><strong data-start=\"218\" data-end=\"257\">Sobre a Baires Estruturas Met\u00e1licas<\/strong><\/h1><p data-start=\"259\" data-end=\"491\">A <strong data-start=\"261\" data-end=\"292\">Baires Estruturas Met\u00e1licas<\/strong> \u00e9 especializada no desenvolvimento, fabrica\u00e7\u00e3o e montagem de estruturas met\u00e1licas para obras industriais, comerciais e residenciais, atendendo Gravata\u00ed e toda a Regi\u00e3o Metropolitana de Porto Alegre.<\/p><p data-start=\"493\" data-end=\"700\">Com foco em <strong data-start=\"505\" data-end=\"552\">qualidade, precis\u00e3o e cumprimento de prazos<\/strong>, a empresa entrega solu\u00e7\u00f5es completas em a\u00e7o estrutural, desde o projeto at\u00e9 a execu\u00e7\u00e3o final, garantindo seguran\u00e7a e alto desempenho em cada obra.<\/p><p data-start=\"702\" data-end=\"872\">Atuamos com projetos sob medida, atendendo construtoras, ind\u00fastrias, engenharias e arquitetos que buscam estruturas resistentes, dur\u00e1veis e com excelente custo-benef\u00edcio.<\/p><hr data-start=\"874\" data-end=\"877\" \/><h2 data-section-id=\"1pag9ba\" data-start=\"879\" data-end=\"915\"><strong data-start=\"885\" data-end=\"915\">Nossos principais servi\u00e7os<\/strong><\/h2><ul data-start=\"916\" data-end=\"1067\"><li data-section-id=\"1c4wovo\" data-start=\"916\" data-end=\"952\"><p data-start=\"918\" data-end=\"952\">Estruturas met\u00e1licas industriais<\/p><\/li><li data-section-id=\"1oyelm1\" data-start=\"953\" data-end=\"976\"><p data-start=\"955\" data-end=\"976\">Mezaninos met\u00e1licos<\/p><\/li><li data-section-id=\"7vwmq\" data-start=\"977\" data-end=\"1001\"><p data-start=\"979\" data-end=\"1001\">Refor\u00e7os estruturais<\/p><\/li><li data-section-id=\"9xqicd\" data-start=\"1002\" data-end=\"1025\"><p data-start=\"1004\" data-end=\"1025\">Pavilh\u00f5es e galp\u00f5es<\/p><\/li><li data-section-id=\"6uikky\" data-start=\"1026\" data-end=\"1040\"><p data-start=\"1028\" data-end=\"1040\">Pergolados<\/p><\/li><li data-section-id=\"a47jg0\" data-start=\"1041\" data-end=\"1067\"><p data-start=\"1043\" data-end=\"1067\">Guarda-corpos e grades<\/p><\/li><\/ul><hr data-start=\"1069\" data-end=\"1072\" \/><h2 data-section-id=\"tiz7t9\" data-start=\"1074\" data-end=\"1101\"><strong data-start=\"1080\" data-end=\"1101\">Nosso diferencial<\/strong><\/h2><p data-start=\"1102\" data-end=\"1193\">Na Baires, cada projeto \u00e9 tratado com responsabilidade t\u00e9cnica e compromisso com o cliente.<\/p><ul data-start=\"1195\" data-end=\"1398\"><li data-section-id=\"6kmh53\" data-start=\"1195\" data-end=\"1231\"><p data-start=\"1197\" data-end=\"1231\">\u2714 Cumprimento rigoroso de prazos<\/p><\/li><li data-section-id=\"40enlo\" data-start=\"1232\" data-end=\"1265\"><p data-start=\"1234\" data-end=\"1265\">\u2714 Materiais de alta qualidade<\/p><\/li><li data-section-id=\"rh735c\" data-start=\"1266\" data-end=\"1307\"><p data-start=\"1268\" data-end=\"1307\">\u2714 Fabrica\u00e7\u00e3o com precis\u00e3o milim\u00e9trica<\/p><\/li><li data-section-id=\"13n12rw\" data-start=\"1308\" data-end=\"1346\"><p data-start=\"1310\" data-end=\"1346\">\u2714 Equipe especializada em montagem<\/p><\/li><li data-section-id=\"105k3qc\" data-start=\"1347\" data-end=\"1398\"><p data-start=\"1349\" data-end=\"1398\">\u2714 Solu\u00e7\u00f5es personalizadas para cada necessidade<\/p><\/li><\/ul><hr data-start=\"1400\" data-end=\"1403\" \/><h2 data-section-id=\"1t9aynf\" data-start=\"1405\" data-end=\"1441\"><strong data-start=\"1412\" data-end=\"1441\">Por que escolher a Baires<\/strong><\/h2><p data-start=\"1442\" data-end=\"1583\">A utiliza\u00e7\u00e3o de estruturas met\u00e1licas permite obras mais r\u00e1pidas, limpas e eficientes.<br data-start=\"1527\" data-end=\"1530\" \/>E com a Baires, voc\u00ea garante um parceiro que entrega:<\/p><ul data-start=\"1585\" data-end=\"1726\"><li data-section-id=\"14e0byu\" data-start=\"1585\" data-end=\"1617\"><p data-start=\"1587\" data-end=\"1617\">Mais agilidade no cronograma<\/p><\/li><li data-section-id=\"8ujogg\" data-start=\"1618\" data-end=\"1654\"><p data-start=\"1620\" data-end=\"1654\">Redu\u00e7\u00e3o de custos com retrabalho<\/p><\/li><li data-section-id=\"1q9fu4i\" data-start=\"1655\" data-end=\"1687\"><p data-start=\"1657\" data-end=\"1687\">Alta durabilidade (30+ anos)<\/p><\/li><li data-section-id=\"1cgnhfm\" data-start=\"1688\" data-end=\"1726\"><p data-start=\"1690\" data-end=\"1726\">Seguran\u00e7a conforme normas t\u00e9cnicas<\/p><\/li><\/ul><hr data-start=\"1728\" data-end=\"1731\" \/><h2 data-section-id=\"j9c38b\" data-start=\"1733\" data-end=\"1754\">\ud83d\udccd <strong data-start=\"1739\" data-end=\"1754\">Atendimento<\/strong><\/h2><p data-start=\"1755\" data-end=\"1884\">A Baires est\u00e1 localizada em Gravata\u00ed\/RS e atende toda a regi\u00e3o, incluindo:<br \/>Canoas, Porto Alegre, Cachoeirinha e cidades pr\u00f3ximas.<\/p><hr data-start=\"1886\" data-end=\"1889\" \/><h2 data-section-id=\"6tntys\" data-start=\"1891\" data-end=\"1918\"><strong data-start=\"1897\" data-end=\"1918\">Fale com a Baires<\/strong><\/h2><p data-start=\"1919\" data-end=\"2043\">Se voc\u00ea busca uma empresa confi\u00e1vel para seu projeto em estrutura met\u00e1lica, fale com a nossa equipe e solicite um or\u00e7amento.<\/p><p data-start=\"2045\" data-end=\"2087\">\ud83d\udcde (51) 3043-4538<br data-start=\"2062\" data-end=\"2065\" \/>\ud83c\udf10 <a class=\"decorated-link\" href=\"http:\/\/www.baires.com.br\" target=\"_new\" rel=\"noopener\" data-start=\"2068\" data-end=\"2085\">www.baires.com.br<\/a><\/p>\t\t\t\t\t\t\t\t<\/div>\n\t\t\t\t\t<\/div>\n\t\t\t\t<\/div>\n\t\t\t\t<\/div>\n\t\t","protected":false},"excerpt":{"rendered":"<p>Sobre a Baires Estruturas Met\u00e1licas A Baires Estruturas Met\u00e1licas \u00e9 especializada no desenvolvimento, fabrica\u00e7\u00e3o e montagem de estruturas met\u00e1licas para obras industriais, comerciais e residenciais, atendendo Gravata\u00ed e toda a Regi\u00e3o Metropolitana de Porto Alegre. Com foco em qualidade, precis\u00e3o e cumprimento de prazos, a empresa entrega solu\u00e7\u00f5es completas em a\u00e7o estrutural, desde o projeto [&hellip;]<\/p>\n","protected":false},"author":1,"featured_media":0,"parent":0,"menu_order":0,"comment_status":"closed","ping_status":"closed","template":"elementor_header_footer","meta":{"footnotes":""},"class_list":["post-22","page","type-page","status-publish","hentry"],"_links":{"self":[{"href":"https:\/\/baires.com.br\/index.php?rest_route=\/wp\/v2\/pages\/22","targetHints":{"allow":["GET"]}}],"collection":[{"href":"https:\/\/baires.com.br\/index.php?rest_route=\/wp\/v2\/pages"}],"about":[{"href":"https:\/\/baires.com.br\/index.php?rest_route=\/wp\/v2\/types\/page"}],"author":[{"embeddable":true,"href":"https:\/\/baires.com.br\/index.php?rest_route=\/wp\/v2\/users\/1"}],"replies":[{"embeddable":true,"href":"https:\/\/baires.com.br\/index.php?rest_route=%2Fwp%2Fv2%2Fcomments&post=22"}],"version-history":[{"count":7,"href":"https:\/\/baires.com.br\/index.php?rest_route=\/wp\/v2\/pages\/22\/revisions"}],"predecessor-version":[{"id":555,"href":"https:\/\/baires.com.br\/index.php?rest_route=\/wp\/v2\/pages\/22\/revisions\/555"}],"wp:attachment":[{"href":"https:\/\/baires.com.br\/index.php?rest_route=%2Fwp%2Fv2%2Fmedia&parent=22"}],"curies":[{"name":"wp","href":"https:\/\/api.w.org\/{rel}","templated":true}]}}