{"id":201,"date":"2026-02-12T15:45:21","date_gmt":"2026-02-12T18:45:21","guid":{"rendered":"https:\/\/baires.com.br\/?page_id=201"},"modified":"2026-02-19T17:40:43","modified_gmt":"2026-02-19T20:40:43","slug":"blog","status":"publish","type":"page","link":"https:\/\/baires.com.br\/?page_id=201","title":{"rendered":"Blog"},"content":{"rendered":"\t\t<div data-elementor-type=\"wp-post\" data-elementor-id=\"201\" class=\"elementor elementor-201\" data-elementor-post-type=\"page\">\n\t\t\t\t<div class=\"elementor-element elementor-element-b1df9aa e-flex e-con-boxed e-con e-parent\" data-id=\"b1df9aa\" data-element_type=\"container\" data-e-type=\"container\">\n\t\t\t\t\t<div class=\"e-con-inner\">\n\t\t\t\t<div class=\"elementor-element elementor-element-9a326fe elementor-grid-3 elementor-grid-tablet-2 elementor-grid-mobile-1 elementor-posts--thumbnail-top elementor-card-shadow-yes elementor-posts__hover-gradient elementor-widget elementor-widget-posts\" data-id=\"9a326fe\" data-element_type=\"widget\" data-e-type=\"widget\" data-settings=\"{&quot;cards_columns&quot;:&quot;3&quot;,&quot;cards_columns_tablet&quot;:&quot;2&quot;,&quot;cards_columns_mobile&quot;:&quot;1&quot;,&quot;cards_row_gap&quot;:{&quot;unit&quot;:&quot;px&quot;,&quot;size&quot;:35,&quot;sizes&quot;:[]},&quot;cards_row_gap_tablet&quot;:{&quot;unit&quot;:&quot;px&quot;,&quot;size&quot;:&quot;&quot;,&quot;sizes&quot;:[]},&quot;cards_row_gap_mobile&quot;:{&quot;unit&quot;:&quot;px&quot;,&quot;size&quot;:&quot;&quot;,&quot;sizes&quot;:[]}}\" data-widget_type=\"posts.cards\">\n\t\t\t\t<div class=\"elementor-widget-container\">\n\t\t\t\t\t\t\t<div class=\"elementor-posts-container elementor-posts elementor-posts--skin-cards elementor-grid\" role=\"list\">\n\t\t\t\t<article class=\"elementor-post elementor-grid-item post-290 post type-post status-publish format-standard hentry category-sem-categoria\" role=\"listitem\">\n\t\t\t<div class=\"elementor-post__card\">\n\t\t\t\t<div class=\"elementor-post__text\">\n\t\t\t\t<h6 class=\"elementor-post__title\">\n\t\t\t<a href=\"https:\/\/baires.com.br\/?p=290\" >\n\t\t\t\tComo o Uso de Estruturas Met\u00e1licas Reduz o Tempo de Obra em at\u00e9 40%\t\t\t<\/a>\n\t\t<\/h6>\n\t\t\n\t\t<a class=\"elementor-post__read-more\" href=\"https:\/\/baires.com.br\/?p=290\" aria-label=\"Read more about Como o Uso de Estruturas Met\u00e1licas Reduz o Tempo de Obra em at\u00e9 40%\" tabindex=\"-1\" >\n\t\t\tLeia mais \u00bb\t\t<\/a>\n\n\t\t\t\t<\/div>\n\t\t\t\t<div class=\"elementor-post__meta-data\">\n\t\t\t\t\t<span class=\"elementor-post-date\">\n\t\t\t19 de February de 2026\t\t<\/span>\n\t\t\t\t<span class=\"elementor-post-avatar\">\n\t\t\tNo Comments\t\t<\/span>\n\t\t\t\t<\/div>\n\t\t\t\t\t<\/div>\n\t\t<\/article>\n\t\t\t\t<article class=\"elementor-post elementor-grid-item post-287 post type-post status-publish format-standard hentry category-sem-categoria\" role=\"listitem\">\n\t\t\t<div class=\"elementor-post__card\">\n\t\t\t\t<div class=\"elementor-post__text\">\n\t\t\t\t<h6 class=\"elementor-post__title\">\n\t\t\t<a href=\"https:\/\/baires.com.br\/?p=287\" >\n\t\t\t\tVantagens de Usar A\u00e7o na Constru\u00e7\u00e3o Civil Moderna\t\t\t<\/a>\n\t\t<\/h6>\n\t\t\n\t\t<a class=\"elementor-post__read-more\" href=\"https:\/\/baires.com.br\/?p=287\" aria-label=\"Read more about Vantagens de Usar A\u00e7o na Constru\u00e7\u00e3o Civil Moderna\" tabindex=\"-1\" >\n\t\t\tLeia mais \u00bb\t\t<\/a>\n\n\t\t\t\t<\/div>\n\t\t\t\t<div class=\"elementor-post__meta-data\">\n\t\t\t\t\t<span class=\"elementor-post-date\">\n\t\t\t19 de February de 2026\t\t<\/span>\n\t\t\t\t<span class=\"elementor-post-avatar\">\n\t\t\tNo Comments\t\t<\/span>\n\t\t\t\t<\/div>\n\t\t\t\t\t<\/div>\n\t\t<\/article>\n\t\t\t\t<article class=\"elementor-post elementor-grid-item post-286 post type-post status-publish format-standard hentry category-sem-categoria\" role=\"listitem\">\n\t\t\t<div class=\"elementor-post__card\">\n\t\t\t\t<div class=\"elementor-post__text\">\n\t\t\t\t<h6 class=\"elementor-post__title\">\n\t\t\t<a href=\"https:\/\/baires.com.br\/?p=286\" >\n\t\t\t\tDiferen\u00e7a entre Perfil I e Perfil H: Qual Usar na Sua Estrutura\t\t\t<\/a>\n\t\t<\/h6>\n\t\t\n\t\t<a class=\"elementor-post__read-more\" href=\"https:\/\/baires.com.br\/?p=286\" aria-label=\"Read more about Diferen\u00e7a entre Perfil I e Perfil H: Qual Usar na Sua Estrutura\" tabindex=\"-1\" >\n\t\t\tLeia mais \u00bb\t\t<\/a>\n\n\t\t\t\t<\/div>\n\t\t\t\t<div class=\"elementor-post__meta-data\">\n\t\t\t\t\t<span class=\"elementor-post-date\">\n\t\t\t19 de February de 2026\t\t<\/span>\n\t\t\t\t<span class=\"elementor-post-avatar\">\n\t\t\tNo Comments\t\t<\/span>\n\t\t\t\t<\/div>\n\t\t\t\t\t<\/div>\n\t\t<\/article>\n\t\t\t\t<article class=\"elementor-post elementor-grid-item post-266 post type-post status-publish format-standard hentry category-sem-categoria\" role=\"listitem\">\n\t\t\t<div class=\"elementor-post__card\">\n\t\t\t\t<div class=\"elementor-post__text\">\n\t\t\t\t<h6 class=\"elementor-post__title\">\n\t\t\t<a href=\"https:\/\/baires.com.br\/?p=266\" >\n\t\t\t\tEstrutura Met\u00e1lica x Madeira: Durabilidade, Est\u00e9tica e Manuten\u00e7\u00e3o\t\t\t<\/a>\n\t\t<\/h6>\n\t\t\n\t\t<a class=\"elementor-post__read-more\" href=\"https:\/\/baires.com.br\/?p=266\" aria-label=\"Read more about Estrutura Met\u00e1lica x Madeira: Durabilidade, Est\u00e9tica e Manuten\u00e7\u00e3o\" tabindex=\"-1\" >\n\t\t\tLeia mais \u00bb\t\t<\/a>\n\n\t\t\t\t<\/div>\n\t\t\t\t<div class=\"elementor-post__meta-data\">\n\t\t\t\t\t<span class=\"elementor-post-date\">\n\t\t\t19 de February de 2026\t\t<\/span>\n\t\t\t\t<span class=\"elementor-post-avatar\">\n\t\t\tNo Comments\t\t<\/span>\n\t\t\t\t<\/div>\n\t\t\t\t\t<\/div>\n\t\t<\/article>\n\t\t\t\t<article class=\"elementor-post elementor-grid-item post-267 post type-post status-publish format-standard hentry category-sem-categoria\" role=\"listitem\">\n\t\t\t<div class=\"elementor-post__card\">\n\t\t\t\t<div class=\"elementor-post__text\">\n\t\t\t\t<h6 class=\"elementor-post__title\">\n\t\t\t<a href=\"https:\/\/baires.com.br\/?p=267\" >\n\t\t\t\tAs 6 Vigas Met\u00e1licas Mais Usadas em Projetos Industriais\t\t\t<\/a>\n\t\t<\/h6>\n\t\t\n\t\t<a class=\"elementor-post__read-more\" href=\"https:\/\/baires.com.br\/?p=267\" aria-label=\"Read more about As 6 Vigas Met\u00e1licas Mais Usadas em Projetos Industriais\" tabindex=\"-1\" >\n\t\t\tLeia mais \u00bb\t\t<\/a>\n\n\t\t\t\t<\/div>\n\t\t\t\t<div class=\"elementor-post__meta-data\">\n\t\t\t\t\t<span class=\"elementor-post-date\">\n\t\t\t19 de February de 2026\t\t<\/span>\n\t\t\t\t<span class=\"elementor-post-avatar\">\n\t\t\tNo Comments\t\t<\/span>\n\t\t\t\t<\/div>\n\t\t\t\t\t<\/div>\n\t\t<\/article>\n\t\t\t\t<article class=\"elementor-post elementor-grid-item post-265 post type-post status-publish format-standard hentry category-sem-categoria\" role=\"listitem\">\n\t\t\t<div class=\"elementor-post__card\">\n\t\t\t\t<div class=\"elementor-post__text\">\n\t\t\t\t<h6 class=\"elementor-post__title\">\n\t\t\t<a href=\"https:\/\/baires.com.br\/?p=265\" >\n\t\t\t\tEstrutura Met\u00e1lica x Steel Frame: O Que \u00e9 Mais Indicado para Obras Industriais?\t\t\t<\/a>\n\t\t<\/h6>\n\t\t\n\t\t<a class=\"elementor-post__read-more\" href=\"https:\/\/baires.com.br\/?p=265\" aria-label=\"Read more about Estrutura Met\u00e1lica x Steel Frame: O Que \u00e9 Mais Indicado para Obras Industriais?\" tabindex=\"-1\" >\n\t\t\tLeia mais \u00bb\t\t<\/a>\n\n\t\t\t\t<\/div>\n\t\t\t\t<div class=\"elementor-post__meta-data\">\n\t\t\t\t\t<span class=\"elementor-post-date\">\n\t\t\t19 de February de 2026\t\t<\/span>\n\t\t\t\t<span class=\"elementor-post-avatar\">\n\t\t\tNo Comments\t\t<\/span>\n\t\t\t\t<\/div>\n\t\t\t\t\t<\/div>\n\t\t<\/article>\n\t\t\t\t<article class=\"elementor-post elementor-grid-item post-250 post type-post status-publish format-standard hentry category-sem-categoria\" role=\"listitem\">\n\t\t\t<div class=\"elementor-post__card\">\n\t\t\t\t<div class=\"elementor-post__text\">\n\t\t\t\t<h6 class=\"elementor-post__title\">\n\t\t\t<a href=\"https:\/\/baires.com.br\/?p=250\" >\n\t\t\t\tEstrutura Met\u00e1lica Enferruja? Guia Definitivo para Tratamento Anticorrosivo e Durabilidade\t\t\t<\/a>\n\t\t<\/h6>\n\t\t\n\t\t<a class=\"elementor-post__read-more\" href=\"https:\/\/baires.com.br\/?p=250\" aria-label=\"Read more about Estrutura Met\u00e1lica Enferruja? Guia Definitivo para Tratamento Anticorrosivo e Durabilidade\" tabindex=\"-1\" >\n\t\t\tLeia mais \u00bb\t\t<\/a>\n\n\t\t\t\t<\/div>\n\t\t\t\t<div class=\"elementor-post__meta-data\">\n\t\t\t\t\t<span class=\"elementor-post-date\">\n\t\t\t19 de February de 2026\t\t<\/span>\n\t\t\t\t<span class=\"elementor-post-avatar\">\n\t\t\tNo Comments\t\t<\/span>\n\t\t\t\t<\/div>\n\t\t\t\t\t<\/div>\n\t\t<\/article>\n\t\t\t\t<article class=\"elementor-post elementor-grid-item post-252 post type-post status-publish format-standard hentry category-sem-categoria\" role=\"listitem\">\n\t\t\t<div class=\"elementor-post__card\">\n\t\t\t\t<div class=\"elementor-post__text\">\n\t\t\t\t<h6 class=\"elementor-post__title\">\n\t\t\t<a href=\"https:\/\/baires.com.br\/?p=252\" >\n\t\t\t\tEstrutura Met\u00e1lica x Pr\u00e9-Moldado: Qual Tem Melhor Custo-Benef\u00edcio? (Otimizado)\t\t\t<\/a>\n\t\t<\/h6>\n\t\t\n\t\t<a class=\"elementor-post__read-more\" href=\"https:\/\/baires.com.br\/?p=252\" aria-label=\"Read more about Estrutura Met\u00e1lica x Pr\u00e9-Moldado: Qual Tem Melhor Custo-Benef\u00edcio? (Otimizado)\" tabindex=\"-1\" >\n\t\t\tLeia mais \u00bb\t\t<\/a>\n\n\t\t\t\t<\/div>\n\t\t\t\t<div class=\"elementor-post__meta-data\">\n\t\t\t\t\t<span class=\"elementor-post-date\">\n\t\t\t19 de February de 2026\t\t<\/span>\n\t\t\t\t<span class=\"elementor-post-avatar\">\n\t\t\tNo Comments\t\t<\/span>\n\t\t\t\t<\/div>\n\t\t\t\t\t<\/div>\n\t\t<\/article>\n\t\t\t\t<article class=\"elementor-post elementor-grid-item post-251 post type-post status-publish format-standard hentry category-sem-categoria\" role=\"listitem\">\n\t\t\t<div class=\"elementor-post__card\">\n\t\t\t\t<div class=\"elementor-post__text\">\n\t\t\t\t<h6 class=\"elementor-post__title\">\n\t\t\t<a href=\"https:\/\/baires.com.br\/?p=251\" >\n\t\t\t\tEstrutura Met\u00e1lica \u00e9 Segura? Entenda os Padr\u00f5es e Certifica\u00e7\u00f5es\t\t\t<\/a>\n\t\t<\/h6>\n\t\t\n\t\t<a class=\"elementor-post__read-more\" href=\"https:\/\/baires.com.br\/?p=251\" aria-label=\"Read more about Estrutura Met\u00e1lica \u00e9 Segura? Entenda os Padr\u00f5es e Certifica\u00e7\u00f5es\" tabindex=\"-1\" >\n\t\t\tLeia mais \u00bb\t\t<\/a>\n\n\t\t\t\t<\/div>\n\t\t\t\t<div class=\"elementor-post__meta-data\">\n\t\t\t\t\t<span class=\"elementor-post-date\">\n\t\t\t19 de February de 2026\t\t<\/span>\n\t\t\t\t<span class=\"elementor-post-avatar\">\n\t\t\tNo Comments\t\t<\/span>\n\t\t\t\t<\/div>\n\t\t\t\t\t<\/div>\n\t\t<\/article>\n\t\t\t\t<article class=\"elementor-post elementor-grid-item post-241 post type-post status-publish format-standard hentry category-sem-categoria\" role=\"listitem\">\n\t\t\t<div class=\"elementor-post__card\">\n\t\t\t\t<div class=\"elementor-post__text\">\n\t\t\t\t<h6 class=\"elementor-post__title\">\n\t\t\t<a href=\"https:\/\/baires.com.br\/?p=241\" >\n\t\t\t\tEstrutura Met\u00e1lica para Casas: Vale a Pena Investir?\t\t\t<\/a>\n\t\t<\/h6>\n\t\t\n\t\t<a class=\"elementor-post__read-more\" href=\"https:\/\/baires.com.br\/?p=241\" aria-label=\"Read more about Estrutura Met\u00e1lica para Casas: Vale a Pena Investir?\" tabindex=\"-1\" >\n\t\t\tLeia mais \u00bb\t\t<\/a>\n\n\t\t\t\t<\/div>\n\t\t\t\t<div class=\"elementor-post__meta-data\">\n\t\t\t\t\t<span class=\"elementor-post-date\">\n\t\t\t19 de February de 2026\t\t<\/span>\n\t\t\t\t<span class=\"elementor-post-avatar\">\n\t\t\tNo Comments\t\t<\/span>\n\t\t\t\t<\/div>\n\t\t\t\t\t<\/div>\n\t\t<\/article>\n\t\t\t\t<\/div>\n\t\t\n\t\t\t\t\t\t<\/div>\n\t\t\t\t<\/div>\n\t\t\t\t\t<\/div>\n\t\t\t\t<\/div>\n\t\t\t\t<\/div>\n\t\t","protected":false},"excerpt":{"rendered":"","protected":false},"author":1,"featured_media":0,"parent":0,"menu_order":0,"comment_status":"closed","ping_status":"closed","template":"elementor_header_footer","meta":{"footnotes":""},"class_list":["post-201","page","type-page","status-publish","hentry"],"_links":{"self":[{"href":"https:\/\/baires.com.br\/index.php?rest_route=\/wp\/v2\/pages\/201","targetHints":{"allow":["GET"]}}],"collection":[{"href":"https:\/\/baires.com.br\/index.php?rest_route=\/wp\/v2\/pages"}],"about":[{"href":"https:\/\/baires.com.br\/index.php?rest_route=\/wp\/v2\/types\/page"}],"author":[{"embeddable":true,"href":"https:\/\/baires.com.br\/index.php?rest_route=\/wp\/v2\/users\/1"}],"replies":[{"embeddable":true,"href":"https:\/\/baires.com.br\/index.php?rest_route=%2Fwp%2Fv2%2Fcomments&post=201"}],"version-history":[{"count":11,"href":"https:\/\/baires.com.br\/index.php?rest_route=\/wp\/v2\/pages\/201\/revisions"}],"predecessor-version":[{"id":309,"href":"https:\/\/baires.com.br\/index.php?rest_route=\/wp\/v2\/pages\/201\/revisions\/309"}],"wp:attachment":[{"href":"https:\/\/baires.com.br\/index.php?rest_route=%2Fwp%2Fv2%2Fmedia&parent=201"}],"curies":[{"name":"wp","href":"https:\/\/api.w.org\/{rel}","templated":true}]}}